{"id":683,"date":"2018-10-16T03:29:44","date_gmt":"2018-10-16T03:29:44","guid":{"rendered":"https:\/\/woostify.com\/demos\/fashion1\/?page_id=3"},"modified":"2021-05-10T15:31:45","modified_gmt":"2021-05-10T15:31:45","slug":"privacy-policy-2","status":"publish","type":"page","link":"https:\/\/www.sheikparts.com\/en\/privacy-policy-2\/","title":{"rendered":"Privacy Policy"},"content":{"rendered":"\t\t<div data-elementor-type=\"wp-page\" data-elementor-id=\"683\" class=\"elementor elementor-683\" data-elementor-post-type=\"page\">\n\t\t\t\t\t\t<section class=\"elementor-section elementor-top-section elementor-element elementor-element-4e54aa41 elementor-section-boxed elementor-section-height-default elementor-section-height-default\" data-id=\"4e54aa41\" data-element_type=\"section\" data-e-type=\"section\">\n\t\t\t\t\t\t<div class=\"elementor-container elementor-column-gap-default\">\n\t\t\t\t\t<div class=\"elementor-column elementor-col-100 elementor-top-column elementor-element elementor-element-14d07c98\" data-id=\"14d07c98\" data-element_type=\"column\" data-e-type=\"column\">\n\t\t\t<div class=\"elementor-widget-wrap elementor-element-populated\">\n\t\t\t\t\t\t<div class=\"elementor-element elementor-element-64f8d28f elementor-widget elementor-widget-text-editor\" data-id=\"64f8d28f\" data-element_type=\"widget\" data-e-type=\"widget\" data-widget_type=\"text-editor.default\">\n\t\t\t\t<div class=\"elementor-widget-container\">\n\t\t\t\t\t\t\t\t\t<h2><b>QUIENES SOMOS<\/b><\/h2><p><span style=\"font-weight: 400;\">La direcci\u00f3n de nuestro sitio web es: https:\/\/www.sheikparts.com\/en\/<\/span><\/p><p>\u00a0<\/p><h4><strong>QU\u00c9 DATOS PERSONALES RECOPILAMOS Y POR QU\u00c9 LOS RECOPILAMOS<\/strong><\/h4><p><span style=\"font-weight: 400;\">Comentarios<\/span><\/p><p><span style=\"font-weight: 400;\">Cuando los visitantes dejan comentarios en el sitio, recopilamos los datos que se muestran en el formulario de comentarios, y tambi\u00e9n la direcci\u00f3n IP del visitante y la cadena del agente de usuario del navegador para ayudar a la detecci\u00f3n de spam.<\/span><\/p><p><span style=\"font-weight: 400;\">Se puede proporcionar una cadena an\u00f3nima creada a partir de su direcci\u00f3n de correo electr\u00f3nico (tambi\u00e9n llamada hash) al servicio Gravatar para ver si la est\u00e1 utilizando. La pol\u00edtica de privacidad del servicio Gravatar est\u00e1 disponible aqu\u00ed: https:\/\/automattic.com\/privacy\/. Despu\u00e9s de la aprobaci\u00f3n de su comentario, su foto de perfil es visible para el p\u00fablico en el contexto de su comentario.<\/span><\/p><h4>\u00a0<\/h4><h4><strong>Cookies<\/strong><\/h4><p><span style=\"font-weight: 400;\">Si deja un comentario en nuestro sitio, puede optar por guardar su nombre, direcci\u00f3n de correo electr\u00f3nico y sitio web en cookies. Estos son para su conveniencia para que no tenga que volver a completar sus datos cuando deje otro comentario. Estas cookies durar\u00e1n un a\u00f1o.<\/span><\/p><p><span style=\"font-weight: 400;\">Si tiene una cuenta e inicia sesi\u00f3n en este sitio, configuraremos una cookie temporal para determinar si su navegador acepta cookies. Esta cookie no contiene datos personales y se descarta cuando cierra su navegador.<\/span><\/p><p><span style=\"font-weight: 400;\">Cuando inicie sesi\u00f3n, tambi\u00e9n configuraremos varias cookies para guardar su informaci\u00f3n de inicio de sesi\u00f3n y sus opciones de visualizaci\u00f3n de pantalla. Las cookies de inicio de sesi\u00f3n duran dos d\u00edas y las cookies de opciones de pantalla duran un a\u00f1o. Si selecciona &#8220;Recordarme&#8221;, su inicio de sesi\u00f3n se mantendr\u00e1 durante dos semanas. Si cierra sesi\u00f3n en su cuenta, se eliminar\u00e1n las cookies de inicio de sesi\u00f3n.<\/span><\/p><p><span style=\"font-weight: 400;\">Si edita o publica un art\u00edculo, se guardar\u00e1 una cookie adicional en su navegador. Esta cookie no incluye datos personales y simplemente indica el ID de publicaci\u00f3n del art\u00edculo que acaba de editar. Caduca despu\u00e9s de 1 d\u00eda.<\/span><\/p><h4>\u00a0<\/h4><h4><strong>Contenido incrustado de otros sitios web<\/strong><\/h4><p><span style=\"font-weight: 400;\">Los art\u00edculos de este sitio pueden incluir contenido incrustado (por ejemplo, videos, im\u00e1genes, art\u00edculos, etc.). El contenido incrustado de otros sitios web se comporta exactamente de la misma manera que si el visitante hubiera visitado el otro sitio web.<\/span><\/p><p><span style=\"font-weight: 400;\">Estos sitios web pueden recopilar datos sobre usted, utilizar cookies, incrustar un seguimiento adicional de terceros y supervisar su interacci\u00f3n con ese contenido incrustado, incluido el seguimiento de su interacci\u00f3n con el contenido incrustado si tiene una cuenta y ha iniciado sesi\u00f3n en ese sitio web.<\/span><\/p><h4>\u00a0<\/h4><h4><strong>CU\u00c1NTO TIEMPO CONSERVAMOS SUS DATOS<\/strong><\/h4><p><span style=\"font-weight: 400;\">Para los usuarios que se registran en nuestro sitio web (si corresponde), tambi\u00e9n almacenamos la informaci\u00f3n personal que proporcionan en su perfil de usuario. Todos los usuarios pueden ver, editar o eliminar su informaci\u00f3n personal en cualquier momento (excepto que no pueden cambiar su nombre de usuario). Los administradores del sitio web tambi\u00e9n pueden ver y editar esa informaci\u00f3n.<\/span><\/p><h2>\u00a0<\/h2><h4><strong>QU\u00c9 DERECHOS TIENE SOBRE SUS DATOS<\/strong><\/h4><p><span style=\"font-weight: 400;\">Si tiene una cuenta en este sitio o ha dejado comentarios, puede solicitar recibir un archivo exportado de los datos personales que tenemos sobre usted, incluidos los datos que nos haya proporcionado. Tambi\u00e9n puede solicitar que borremos cualquier dato personal que tengamos sobre usted. Esto no incluye ning\u00fan dato que estemos obligados a conservar con fines administrativos, legales o de seguridad.<\/span><\/p>\t\t\t\t\t\t\t\t<\/div>\n\t\t\t\t<\/div>\n\t\t\t\t\t<\/div>\n\t\t<\/div>\n\t\t\t\t\t<\/div>\n\t\t<\/section>\n\t\t\t\t<\/div>\n\t\t","protected":false},"excerpt":{"rendered":"<p>QUIENES SOMOS La direcci\u00f3n de nuestro sitio web es: https:\/\/www.sheikparts.com\/ \u00a0 QU\u00c9 DATOS PERSONALES RECOPILAMOS Y POR QU\u00c9 LOS RECOPILAMOS&#8230;<\/p>\n","protected":false},"author":1,"featured_media":0,"parent":0,"menu_order":0,"comment_status":"closed","ping_status":"closed","template":"elementor_header_footer","meta":{"inline_featured_image":false,"footnotes":""},"class_list":["post-683","page","type-page","status-publish","hentry"],"_links":{"self":[{"href":"https:\/\/www.sheikparts.com\/en\/wp-json\/wp\/v2\/pages\/683","targetHints":{"allow":["GET"]}}],"collection":[{"href":"https:\/\/www.sheikparts.com\/en\/wp-json\/wp\/v2\/pages"}],"about":[{"href":"https:\/\/www.sheikparts.com\/en\/wp-json\/wp\/v2\/types\/page"}],"author":[{"embeddable":true,"href":"https:\/\/www.sheikparts.com\/en\/wp-json\/wp\/v2\/users\/1"}],"replies":[{"embeddable":true,"href":"https:\/\/www.sheikparts.com\/en\/wp-json\/wp\/v2\/comments?post=683"}],"version-history":[{"count":10,"href":"https:\/\/www.sheikparts.com\/en\/wp-json\/wp\/v2\/pages\/683\/revisions"}],"predecessor-version":[{"id":1705,"href":"https:\/\/www.sheikparts.com\/en\/wp-json\/wp\/v2\/pages\/683\/revisions\/1705"}],"wp:attachment":[{"href":"https:\/\/www.sheikparts.com\/en\/wp-json\/wp\/v2\/media?parent=683"}],"curies":[{"name":"wp","href":"https:\/\/api.w.org\/{rel}","templated":true}]}}